{"id":1866,"date":"2025-06-17T17:06:38","date_gmt":"2025-06-17T15:06:38","guid":{"rendered":"https:\/\/sushibyas.eu\/adatvedelmi-iranyelvek\/"},"modified":"2025-06-17T17:06:38","modified_gmt":"2025-06-17T15:06:38","slug":"adatvedelmi-iranyelvek","status":"publish","type":"page","link":"https:\/\/sushibyas.eu\/hu\/adatvedelmi-iranyelvek\/","title":{"rendered":"Adatv\u00e9delmi ir\u00e1nyelvek"},"content":{"rendered":"\n<h3 class=\"wp-block-heading\">R\u00f3lunk<\/h3>\n<p>Javasolt sz\u00f6veg: Weboldalunk c\u00edme: https:\/\/sushi.progreen.hr.<\/p>\n<h3>Hozz\u00e1sz\u00f3l\u00e1sok<\/h3>\n<p>Javasolt sz\u00f6veg: Amikor a l\u00e1togat\u00f3k hozz\u00e1sz\u00f3l\u00e1sokat hagynak az oldalon, gy\u0171jtj\u00fck a hozz\u00e1sz\u00f3l\u00e1si \u0171rlapon megjelen\u00edtett adatokat, valamint a l\u00e1togat\u00f3 IP-c\u00edm\u00e9t \u00e9s a b\u00f6ng\u00e9sz\u0151 felhaszn\u00e1l\u00f3i \u00fcgyn\u00f6k sztringj\u00e9t a spam \u00e9szlel\u00e9s\u00e9nek seg\u00edt\u00e9s\u00e9re.<\/p>\n<p>Az e-mail c\u00edm\u00e9b\u0151l l\u00e9trehozott anonimiz\u00e1lt karakterl\u00e1nc (m\u00e1s n\u00e9ven hash) elk\u00fcldhet\u0151 a Gravatar szolg\u00e1ltat\u00e1snak, hogy ellen\u0151rizz\u00e9k, haszn\u00e1lja-e azt. A Gravatar szolg\u00e1ltat\u00e1s adatv\u00e9delmi ir\u00e1nyelvei itt \u00e9rhet\u0151k el: https:\/\/uautomettic.com\/privacy\/. Hozz\u00e1sz\u00f3l\u00e1s\u00e1nak j\u00f3v\u00e1hagy\u00e1sa ut\u00e1n profilk\u00e9pe nyilv\u00e1nosan l\u00e1that\u00f3v\u00e1 v\u00e1lik a hozz\u00e1sz\u00f3l\u00e1sa mellett. <\/p>\n<h3>M\u00e9dia<\/h3>\n<p>Javasolt sz\u00f6veg: Ha k\u00e9peket t\u00f6lt fel a weboldalra, ker\u00fclje a be\u00e1gyazott helyadatokat (EXIF GPS) tartalmaz\u00f3 k\u00e9pek felt\u00f6lt\u00e9s\u00e9t. A weboldal l\u00e1togat\u00f3i let\u00f6lthetik \u00e9s kinyerhetik az \u00f6sszes helyadatot a weboldalon tal\u00e1lhat\u00f3 k\u00e9pekb\u0151l. <\/p>\n<h3>S\u00fctik<\/h3>\n<p>Javasolt sz\u00f6veg: Ha hozz\u00e1sz\u00f3l\u00e1st hagy weboldalunkon, enged\u00e9lyezheti nev\u00e9nek, e-mail c\u00edm\u00e9nek \u00e9s weboldal\u00e1nak s\u00fctikben val\u00f3 ment\u00e9s\u00e9t. Ez az \u00d6n k\u00e9nyelm\u00e9t szolg\u00e1lja, hogy ne kelljen \u00fajra kit\u00f6ltenie adatait, amikor \u00fajabb hozz\u00e1sz\u00f3l\u00e1st \u00edr. Ezek a s\u00fctik egy \u00e9vig \u00e9rv\u00e9nyesek.  <\/p>\n<p>Ha felkeresi bejelentkez\u00e9si oldalunkat, egy ideiglenes s\u00fctit \u00e1ll\u00edtunk be, hogy meg\u00e1llap\u00edtsuk, b\u00f6ng\u00e9sz\u0151je elfogadja-e a s\u00fctiket. Ez a s\u00fcti nem tartalmaz szem\u00e9lyes adatokat, \u00e9s a b\u00f6ng\u00e9sz\u0151 bez\u00e1r\u00e1sakor t\u00f6rl\u0151dik. <\/p>\n<p>Amikor bejelentkezik, t\u00f6bb s\u00fctit is be\u00e1ll\u00edtunk a bejelentkez\u00e9si adatok \u00e9s a k\u00e9perny\u0151 megjelen\u00edt\u00e9si be\u00e1ll\u00edt\u00e1sainak ment\u00e9s\u00e9hez. A bejelentkez\u00e9si s\u00fctik k\u00e9t napig, a k\u00e9perny\u0151be\u00e1ll\u00edt\u00e1sok s\u00fctijei pedig egy \u00e9vig \u00e9rv\u00e9nyesek. Ha az \u201eEml\u00e9kezz r\u00e1m\u201d lehet\u0151s\u00e9get v\u00e1lasztja, bejelentkez\u00e9se k\u00e9t h\u00e9tig megmarad. Ha kijelentkezik fi\u00f3kj\u00e1b\u00f3l, a bejelentkez\u00e9si s\u00fctik t\u00f6rl\u0151dnek.   <\/p>\n<p>Ha szerkeszt vagy k\u00f6zz\u00e9tesz egy cikket, egy tov\u00e1bbi s\u00fcti ker\u00fcl ment\u00e9sre a b\u00f6ng\u00e9sz\u0151j\u00e9ben. Ez a s\u00fcti nem tartalmaz szem\u00e9lyes adatokat, \u00e9s egyszer\u0171en csak az \u00e9ppen szerkesztett cikk bejegyz\u00e9sazonos\u00edt\u00f3j\u00e1t jelzi. 1 nap ut\u00e1n lej\u00e1r.  <\/p>\n<h3>Be\u00e1gyazott tartalom m\u00e1s weboldalakr\u00f3l<\/h3>\n<p>Javasolt sz\u00f6veg: Az ezen a weboldalon tal\u00e1lhat\u00f3 cikkek be\u00e1gyazott tartalmat (pl. vide\u00f3kat, k\u00e9peket, cikkeket stb.) tartalmazhatnak. A m\u00e1s weboldalakr\u00f3l sz\u00e1rmaz\u00f3 be\u00e1gyazott tartalom pontosan ugyan\u00fagy viselkedik, mintha a l\u00e1togat\u00f3 az adott weboldalt l\u00e1togatta volna meg. <\/p>\n<p>Ezek a weboldalak adatokat gy\u0171jthetnek \u00d6nr\u0151l, s\u00fctiket haszn\u00e1lhatnak, tov\u00e1bbi harmadik f\u00e9lt\u0151l sz\u00e1rmaz\u00f3 nyomk\u00f6vet\u00e9st \u00e1gyazhatnak be, \u00e9s figyelemmel k\u00eds\u00e9rhetik az \u00d6n interakci\u00f3j\u00e1t a be\u00e1gyazott tartalommal, bele\u00e9rtve a be\u00e1gyazott tartalommal val\u00f3 interakci\u00f3 nyomon k\u00f6vet\u00e9s\u00e9t is, ha van fi\u00f3kja \u00e9s be van jelentkezve az adott weboldalra.<\/p>\n<h3>Kivel osztjuk meg adatait<\/h3>\n<p>Javasolt sz\u00f6veg: Ha jelsz\u00f3-vissza\u00e1ll\u00edt\u00e1st k\u00e9r, IP-c\u00edme szerepelni fog a vissza\u00e1ll\u00edt\u00f3 e-mailben.<\/p>\n<h3>Meddig \u0151rizz\u00fck meg adatait<\/h3>\n<p>Javasolt sz\u00f6veg: Ha hozz\u00e1sz\u00f3l\u00e1st hagy, a hozz\u00e1sz\u00f3l\u00e1s \u00e9s annak metaadatai korl\u00e1tlan ideig meg\u0151rz\u00e9sre ker\u00fclnek. Ez az\u00e9rt van, hogy automatikusan felismerhess\u00fck \u00e9s j\u00f3v\u00e1hagyhassuk a k\u00e9s\u0151bbi hozz\u00e1sz\u00f3l\u00e1sokat, ahelyett, hogy moder\u00e1l\u00e1si sorban tartan\u00e1nk \u0151ket. <\/p>\n<p>Azoknak a felhaszn\u00e1l\u00f3knak, akik regisztr\u00e1lnak weboldalunkon (ha vannak ilyenek), a felhaszn\u00e1l\u00f3i profiljukban megadott szem\u00e9lyes adataikat is t\u00e1roljuk. Minden felhaszn\u00e1l\u00f3 b\u00e1rmikor megtekintheti, szerkesztheti vagy t\u00f6r\u00f6lheti szem\u00e9lyes adatait (kiv\u00e9ve, hogy nem v\u00e1ltoztathatj\u00e1k meg felhaszn\u00e1l\u00f3nev\u00fcket). A weboldal adminisztr\u00e1torai is megtekinthetik \u00e9s szerkeszthetik ezeket az adatokat.  <\/p>\n<h3>Milyen jogai vannak az adataival kapcsolatban<\/h3>\n<p>Javasolt sz\u00f6veg: Ha van fi\u00f3kja ezen a weboldalon, vagy hozz\u00e1sz\u00f3l\u00e1sokat hagyott, k\u00e9rheti, hogy megkapja az \u00d6nr\u0151l t\u00e1rolt szem\u00e9lyes adatok export\u00e1lt f\u00e1jlj\u00e1t, bele\u00e9rtve az \u00d6n \u00e1ltal nek\u00fcnk megadott \u00f6sszes adatot is. K\u00e9rheti tov\u00e1bb\u00e1, hogy t\u00f6r\u00f6lj\u00fck az \u00d6nr\u0151l t\u00e1rolt szem\u00e9lyes adatokat. Ez nem foglalja mag\u00e1ban azokat az adatokat, amelyeket adminisztrat\u00edv, jogi vagy biztons\u00e1gi c\u00e9lokb\u00f3l k\u00f6telesek vagyunk meg\u0151rizni.  <\/p>\n<h3>Hov\u00e1 k\u00fcldj\u00fck adatait<\/h3>\n<p>Javasolt sz\u00f6veg: A l\u00e1togat\u00f3i hozz\u00e1sz\u00f3l\u00e1sokat egy automatiz\u00e1lt spam \u00e9szlel\u0151 szolg\u00e1ltat\u00e1s ellen\u0151rizheti.<\/p>","protected":false},"excerpt":{"rendered":"<p>R\u00f3lunk Javasolt sz\u00f6veg: Weboldalunk c\u00edme: https:\/\/sushi.progreen.hr. Hozz\u00e1sz\u00f3l\u00e1sok Javasolt sz\u00f6veg: Amikor a l\u00e1togat\u00f3k hozz\u00e1sz\u00f3l\u00e1sokat hagynak az oldalon, gy\u0171jtj\u00fck a hozz\u00e1sz\u00f3l\u00e1si \u0171rlapon megjelen\u00edtett adatokat, valamint a l\u00e1togat\u00f3 IP-c\u00edm\u00e9t \u00e9s a b\u00f6ng\u00e9sz\u0151 felhaszn\u00e1l\u00f3i \u00fcgyn\u00f6k sztringj\u00e9t a spam \u00e9szlel\u00e9s\u00e9nek seg\u00edt\u00e9s\u00e9re. Az e-mail c\u00edm\u00e9b\u0151l l\u00e9trehozott anonimiz\u00e1lt karakterl\u00e1nc (m\u00e1s n\u00e9ven hash) elk\u00fcldhet\u0151 a Gravatar szolg\u00e1ltat\u00e1snak, hogy ellen\u0151rizz\u00e9k, haszn\u00e1lja-e azt. A Gravatar&#8230;<\/p>\n","protected":false},"author":1,"featured_media":0,"parent":0,"menu_order":0,"comment_status":"closed","ping_status":"open","template":"","meta":{"footnotes":""},"class_list":["post-1866","page","type-page","status-publish","hentry"],"yoast_head":"<!-- This site is optimized with the Yoast SEO plugin v26.4 - https:\/\/yoast.com\/wordpress\/plugins\/seo\/ -->\n<title>Adatv\u00e9delmi ir\u00e1nyelvek - Sushi by A\u2019s<\/title>\n<meta name=\"robots\" content=\"index, follow, max-snippet:-1, max-image-preview:large, max-video-preview:-1\" \/>\n<link rel=\"canonical\" href=\"https:\/\/sushibyas.eu\/adatvedelmi-iranyelvek\/\" \/>\n<meta property=\"og:locale\" content=\"hu_HU\" \/>\n<meta property=\"og:type\" content=\"article\" \/>\n<meta property=\"og:title\" content=\"Adatv\u00e9delmi ir\u00e1nyelvek - Sushi by A\u2019s\" \/>\n<meta property=\"og:description\" content=\"R\u00f3lunk Javasolt sz\u00f6veg: Weboldalunk c\u00edme: https:\/\/sushi.progreen.hr. Hozz\u00e1sz\u00f3l\u00e1sok Javasolt sz\u00f6veg: Amikor a l\u00e1togat\u00f3k hozz\u00e1sz\u00f3l\u00e1sokat hagynak az oldalon, gy\u0171jtj\u00fck a hozz\u00e1sz\u00f3l\u00e1si \u0171rlapon megjelen\u00edtett adatokat, valamint a l\u00e1togat\u00f3 IP-c\u00edm\u00e9t \u00e9s a b\u00f6ng\u00e9sz\u0151 felhaszn\u00e1l\u00f3i \u00fcgyn\u00f6k sztringj\u00e9t a spam \u00e9szlel\u00e9s\u00e9nek seg\u00edt\u00e9s\u00e9re. Az e-mail c\u00edm\u00e9b\u0151l l\u00e9trehozott anonimiz\u00e1lt karakterl\u00e1nc (m\u00e1s n\u00e9ven hash) elk\u00fcldhet\u0151 a Gravatar szolg\u00e1ltat\u00e1snak, hogy ellen\u0151rizz\u00e9k, haszn\u00e1lja-e azt. A Gravatar...\" \/>\n<meta property=\"og:url\" content=\"https:\/\/sushibyas.eu\/adatvedelmi-iranyelvek\/\" \/>\n<meta property=\"og:site_name\" content=\"Sushi by A\u2019s\" \/>\n<meta name=\"twitter:card\" content=\"summary_large_image\" \/>\n<meta name=\"twitter:label1\" content=\"Becs\u00fclt olvas\u00e1si id\u0151\" \/>\n\t<meta name=\"twitter:data1\" content=\"4 perc\" \/>\n<script type=\"application\/ld+json\" class=\"yoast-schema-graph\">{\"@context\":\"https:\/\/schema.org\",\"@graph\":[{\"@type\":\"WebPage\",\"@id\":\"https:\/\/sushibyas.eu\/adatvedelmi-iranyelvek\/\",\"url\":\"https:\/\/sushibyas.eu\/adatvedelmi-iranyelvek\/\",\"name\":\"Adatv\u00e9delmi ir\u00e1nyelvek - Sushi by A\u2019s\",\"isPartOf\":{\"@id\":\"https:\/\/sushibyas.eu\/#website\"},\"datePublished\":\"2025-06-17T15:06:38+00:00\",\"breadcrumb\":{\"@id\":\"https:\/\/sushibyas.eu\/adatvedelmi-iranyelvek\/#breadcrumb\"},\"inLanguage\":\"hu\",\"potentialAction\":[{\"@type\":\"ReadAction\",\"target\":[\"https:\/\/sushibyas.eu\/adatvedelmi-iranyelvek\/\"]}]},{\"@type\":\"BreadcrumbList\",\"@id\":\"https:\/\/sushibyas.eu\/adatvedelmi-iranyelvek\/#breadcrumb\",\"itemListElement\":[{\"@type\":\"ListItem\",\"position\":1,\"name\":\"Po\u010detna stranica\",\"item\":\"https:\/\/sushibyas.eu\/hu\/kezdolap\/\"},{\"@type\":\"ListItem\",\"position\":2,\"name\":\"Adatv\u00e9delmi ir\u00e1nyelvek\"}]},{\"@type\":\"WebSite\",\"@id\":\"https:\/\/sushibyas.eu\/#website\",\"url\":\"https:\/\/sushibyas.eu\/\",\"name\":\"Sushi\",\"description\":\"\",\"potentialAction\":[{\"@type\":\"SearchAction\",\"target\":{\"@type\":\"EntryPoint\",\"urlTemplate\":\"https:\/\/sushibyas.eu\/?s={search_term_string}\"},\"query-input\":{\"@type\":\"PropertyValueSpecification\",\"valueRequired\":true,\"valueName\":\"search_term_string\"}}],\"inLanguage\":\"hu\"}]}<\/script>\n<!-- \/ Yoast SEO plugin. -->","yoast_head_json":{"title":"Adatv\u00e9delmi ir\u00e1nyelvek - Sushi by A\u2019s","robots":{"index":"index","follow":"follow","max-snippet":"max-snippet:-1","max-image-preview":"max-image-preview:large","max-video-preview":"max-video-preview:-1"},"canonical":"https:\/\/sushibyas.eu\/adatvedelmi-iranyelvek\/","og_locale":"hu_HU","og_type":"article","og_title":"Adatv\u00e9delmi ir\u00e1nyelvek - Sushi by A\u2019s","og_description":"R\u00f3lunk Javasolt sz\u00f6veg: Weboldalunk c\u00edme: https:\/\/sushi.progreen.hr. Hozz\u00e1sz\u00f3l\u00e1sok Javasolt sz\u00f6veg: Amikor a l\u00e1togat\u00f3k hozz\u00e1sz\u00f3l\u00e1sokat hagynak az oldalon, gy\u0171jtj\u00fck a hozz\u00e1sz\u00f3l\u00e1si \u0171rlapon megjelen\u00edtett adatokat, valamint a l\u00e1togat\u00f3 IP-c\u00edm\u00e9t \u00e9s a b\u00f6ng\u00e9sz\u0151 felhaszn\u00e1l\u00f3i \u00fcgyn\u00f6k sztringj\u00e9t a spam \u00e9szlel\u00e9s\u00e9nek seg\u00edt\u00e9s\u00e9re. Az e-mail c\u00edm\u00e9b\u0151l l\u00e9trehozott anonimiz\u00e1lt karakterl\u00e1nc (m\u00e1s n\u00e9ven hash) elk\u00fcldhet\u0151 a Gravatar szolg\u00e1ltat\u00e1snak, hogy ellen\u0151rizz\u00e9k, haszn\u00e1lja-e azt. A Gravatar...","og_url":"https:\/\/sushibyas.eu\/adatvedelmi-iranyelvek\/","og_site_name":"Sushi by A\u2019s","twitter_card":"summary_large_image","twitter_misc":{"Becs\u00fclt olvas\u00e1si id\u0151":"4 perc"},"schema":{"@context":"https:\/\/schema.org","@graph":[{"@type":"WebPage","@id":"https:\/\/sushibyas.eu\/adatvedelmi-iranyelvek\/","url":"https:\/\/sushibyas.eu\/adatvedelmi-iranyelvek\/","name":"Adatv\u00e9delmi ir\u00e1nyelvek - Sushi by A\u2019s","isPartOf":{"@id":"https:\/\/sushibyas.eu\/#website"},"datePublished":"2025-06-17T15:06:38+00:00","breadcrumb":{"@id":"https:\/\/sushibyas.eu\/adatvedelmi-iranyelvek\/#breadcrumb"},"inLanguage":"hu","potentialAction":[{"@type":"ReadAction","target":["https:\/\/sushibyas.eu\/adatvedelmi-iranyelvek\/"]}]},{"@type":"BreadcrumbList","@id":"https:\/\/sushibyas.eu\/adatvedelmi-iranyelvek\/#breadcrumb","itemListElement":[{"@type":"ListItem","position":1,"name":"Po\u010detna stranica","item":"https:\/\/sushibyas.eu\/hu\/kezdolap\/"},{"@type":"ListItem","position":2,"name":"Adatv\u00e9delmi ir\u00e1nyelvek"}]},{"@type":"WebSite","@id":"https:\/\/sushibyas.eu\/#website","url":"https:\/\/sushibyas.eu\/","name":"Sushi","description":"","potentialAction":[{"@type":"SearchAction","target":{"@type":"EntryPoint","urlTemplate":"https:\/\/sushibyas.eu\/?s={search_term_string}"},"query-input":{"@type":"PropertyValueSpecification","valueRequired":true,"valueName":"search_term_string"}}],"inLanguage":"hu"}]}},"_links":{"self":[{"href":"https:\/\/sushibyas.eu\/hu\/wp-json\/wp\/v2\/pages\/1866","targetHints":{"allow":["GET"]}}],"collection":[{"href":"https:\/\/sushibyas.eu\/hu\/wp-json\/wp\/v2\/pages"}],"about":[{"href":"https:\/\/sushibyas.eu\/hu\/wp-json\/wp\/v2\/types\/page"}],"author":[{"embeddable":true,"href":"https:\/\/sushibyas.eu\/hu\/wp-json\/wp\/v2\/users\/1"}],"replies":[{"embeddable":true,"href":"https:\/\/sushibyas.eu\/hu\/wp-json\/wp\/v2\/comments?post=1866"}],"version-history":[{"count":0,"href":"https:\/\/sushibyas.eu\/hu\/wp-json\/wp\/v2\/pages\/1866\/revisions"}],"wp:attachment":[{"href":"https:\/\/sushibyas.eu\/hu\/wp-json\/wp\/v2\/media?parent=1866"}],"curies":[{"name":"wp","href":"https:\/\/api.w.org\/{rel}","templated":true}]}}