{"id":1868,"date":"2025-06-20T22:13:17","date_gmt":"2025-06-20T20:13:17","guid":{"rendered":"https:\/\/sushibyas.eu\/rolunk\/"},"modified":"2025-06-20T22:13:17","modified_gmt":"2025-06-20T20:13:17","slug":"rolunk","status":"publish","type":"page","link":"https:\/\/sushibyas.eu\/hu\/rolunk\/","title":{"rendered":"R\u00f3lunk"},"content":{"rendered":"<section class=\"l-section wpb_row us_custom_ed4f2c62 background-opacity height_medium with_img\"><div class=\"l-section-img\" role=\"img\" data-img-width=\"2560\" data-img-height=\"1707\" style=\"background-image: url(https:\/\/sushibyas.eu\/wp-content\/uploads\/2025\/06\/5226644-2-scaled.jpg);\"><\/div><div class=\"l-section-h i-cf\"><div class=\"g-cols vc_row via_grid cols_1 laptops-cols_inherit tablets-cols_inherit mobiles-cols_1 valign_top type_default stacking_default\"><div class=\"wpb_column vc_column_container\"><div class=\"vc_column-inner\"><div class=\"wpb_text_column us_custom_410e7144 us_animate_this\"><div class=\"wpb_wrapper\"><h1 style=\"text-align: center;\"><em><strong>R\u00f3lunk<\/strong><\/em><\/h1>\n<p style=\"text-align: center;\">Az A&#8217;s Sushi, amelyet 2015-ben alap\u00edtottak a ny\u00fczsg\u0151 Z\u00e1gr\u00e1b v\u00e1ros\u00e1ban, Horv\u00e1torsz\u00e1gban, gyorsan kedvelt n\u00e9vv\u00e9 v\u00e1lt a sushi vil\u00e1g\u00e1ban. A min\u0151s\u00e9g \u00e9s az autenticit\u00e1s ir\u00e1nti szenved\u00e9llyel indultunk el azon a k\u00fcldet\u00e9sen, hogy megosszuk a sushi k\u00e9sz\u00edt\u00e9s m\u0171v\u00e9szet\u00e9t vend\u00e9geinkkel. Utunk egyetlen hellyel indult, \u00e9s az\u00f3ta 2016-ban Szlov\u00e9ni\u00e1ba, 2021-ben pedig Magyarorsz\u00e1gra terjeszkedt\u00fcnk, elhozva \u00edzletes specialit\u00e1sainkat m\u00e9g t\u00f6bb sushi-rajong\u00f3nak.    <\/p>\n<\/div><\/div><div class=\"w-separator size_large\"><\/div><div class=\"w-image us_custom_38e050a1 us_animate_this has_ratio align_center\"><div class=\"w-image-h\"><div style=\"padding-bottom:42.4242%\"><\/div><img decoding=\"async\" width=\"2000\" height=\"1500\" src=\"https:\/\/sushibyas.eu\/wp-content\/uploads\/2025\/06\/Sushi-19-1.jpeg\" class=\"attachment-full size-full\" alt=\"\" loading=\"lazy\" srcset=\"https:\/\/sushibyas.eu\/wp-content\/uploads\/2025\/06\/Sushi-19-1.jpeg 2000w, https:\/\/sushibyas.eu\/wp-content\/uploads\/2025\/06\/Sushi-19-1-300x225.jpeg 300w, https:\/\/sushibyas.eu\/wp-content\/uploads\/2025\/06\/Sushi-19-1-1024x768.jpeg 1024w\" sizes=\"auto, (max-width: 2000px) 100vw, 2000px\" \/><\/div><\/div><div class=\"w-separator size_huge\"><\/div><\/div><\/div><\/div><\/div><\/section><section class=\"l-section wpb_row height_medium\"><div class=\"l-section-h i-cf\"><div class=\"g-cols vc_row via_grid cols_2 laptops-cols_inherit tablets-cols_inherit mobiles-cols_1 valign_middle type_default reversed stacking_default\" style=\"--gap:0rem;\"><div class=\"wpb_column vc_column_container us_custom_ebda694a\"><div class=\"vc_column-inner\"><div class=\"w-image us_custom_8c3db9f0 us_animate_this has_ratio align_none\"><div class=\"w-image-h\"><div style=\"padding-bottom:69.8795%\"><\/div><img decoding=\"async\" width=\"1200\" height=\"1600\" src=\"https:\/\/sushibyas.eu\/wp-content\/uploads\/2025\/06\/Sushi-7-1.jpeg\" class=\"attachment-full size-full\" alt=\"\" loading=\"lazy\" srcset=\"https:\/\/sushibyas.eu\/wp-content\/uploads\/2025\/06\/Sushi-7-1.jpeg 1200w, https:\/\/sushibyas.eu\/wp-content\/uploads\/2025\/06\/Sushi-7-1-225x300.jpeg 225w, https:\/\/sushibyas.eu\/wp-content\/uploads\/2025\/06\/Sushi-7-1-768x1024.jpeg 768w\" sizes=\"auto, (max-width: 1200px) 100vw, 1200px\" \/><\/div><\/div><\/div><\/div><div class=\"wpb_column vc_column_container\"><div class=\"vc_column-inner\"><div class=\"wpb_text_column us_custom_69a4c150 us_animate_this\"><div class=\"wpb_wrapper\"><h2><em><strong>Min\u0151s\u00e9g ir\u00e1nti elk\u00f6telezetts\u00e9g\u00fcnk<\/strong><\/em><\/h2>\n<\/div><\/div><div class=\"w-separator size_medium\"><\/div><div class=\"wpb_text_column us_custom_3f3bd093 us_animate_this\"><div class=\"wpb_wrapper\"><p>Az A&#8217;s Sushi-n\u00e1l hisz\u00fcnk abban, hogy a kiv\u00e1l\u00f3 sushi a pr\u00e9mium alapanyagokkal kezd\u0151dik. Csak a legfrissebb halat \u00e9s kiv\u00e1l\u00f3 min\u0151s\u00e9g\u0171 alapanyagokat szerezz\u00fck be, hogy minden \u00e1ltalunk felszolg\u00e1lt maki, sashimi \u00e9s nigiri megfeleljen magas sz\u00ednvonalunknak.  \u00dcgyes szak\u00e1csaink a hagyom\u00e1nyos sushi k\u00e9sz\u00edt\u00e9si technik\u00e1kra vannak kik\u00e9pezve, ez\u00e1ltal biztos\u00edtva, hogy minden \u00e9tel ne csak \u00edzletes, hanem eszt\u00e9tikailag is vonz\u00f3 legyen.<\/p>\n<\/div><\/div><div class=\"w-separator size_medium\"><\/div><\/div><\/div><\/div><\/div><\/section><section class=\"l-section wpb_row background-opacity height_medium with_img\"><div class=\"l-section-img\" role=\"img\" data-img-width=\"2560\" data-img-height=\"1707\" style=\"background-image: url(https:\/\/sushibyas.eu\/wp-content\/uploads\/2025\/06\/5226644-2-scaled.jpg);\"><\/div><div class=\"l-section-h i-cf\"><div class=\"g-cols vc_row via_grid cols_2 laptops-cols_inherit tablets-cols_inherit mobiles-cols_1 valign_top type_default stacking_default\" style=\"--gap:0rem;\"><div class=\"wpb_column vc_column_container\"><div class=\"vc_column-inner\"><div class=\"w-separator size_custom\" style=\"height:6vh\" id=\"na3f\"><style>@media(max-width:1024px){ #na3f{height:14hv!important}}@media(max-width:479px){ #na3f{height:10hv!important}}<\/style><\/div><div class=\"wpb_text_column us_custom_734177fd us_animate_this\"><div class=\"wpb_wrapper\"><h2><em><strong>K\u00e9pz\u00e9s &amp; t\u00e1mogat\u00e1s<\/strong><\/em><\/h2>\n<\/div><\/div><div class=\"w-separator size_medium\"><\/div><div class=\"wpb_text_column us_custom_ef675d0d us_animate_this\"><div class=\"wpb_wrapper\"><p>B\u00fcszk\u00e9k vagyunk \u00e1tfog\u00f3 k\u00e9pz\u00e9si programunkra, amely biztos\u00edtja, hogy franchise partnereink j\u00f3l felk\u00e9sz\u00fcltek legyenek saj\u00e1t \u00fczlet\u00fck vezet\u00e9s\u00e9re. K\u00e9pz\u00e9s\u00fcnk mag\u00e1ban foglalja: <\/p>\n<ul>\n<li>Sushi k\u00e9sz\u00edt\u00e9s: Tanulja meg a sushi k\u00e9sz\u00edt\u00e9s m\u0171v\u00e9szet\u00e9t tapasztalt szak\u00e1csainkt\u00f3l.<\/li>\n<li>\u00dcgyf\u00e9lszolg\u00e1lat: Ismerje meg, hogyan teremthet kiv\u00e9teles \u00e9lm\u00e9nyt vend\u00e9gei sz\u00e1m\u00e1ra.<\/li>\n<li>M\u0171k\u00f6d\u00e9si kiv\u00e1l\u00f3s\u00e1g: Szerezzen ismereteket a franchise hat\u00e9kony m\u0171k\u00f6dtet\u00e9s\u00e9r\u0151l.<\/li>\n<\/ul>\n<\/div><\/div><div class=\"w-separator size_custom\" style=\"height:40px\"><\/div><div class=\"w-btn-wrapper align_none\"><a class=\"w-btn us-btn-style_1 us_custom_6c21c073 us_animate_this\" href=\"\/kontakt\/\"><span class=\"w-btn-label\">KAPCSOLAT<\/span><\/a><\/div><\/div><\/div><div class=\"wpb_column vc_column_container us_custom_6c191d95\"><div class=\"vc_column-inner\"><div class=\"w-separator size_custom\" style=\"height:10vh\" id=\"k391\"><style>@media(max-width:600px){ #k391{height:5vh!important}}<\/style><\/div><div class=\"w-image us_custom_6fc20dc2 us_animate_this has_ratio align_none\"><div class=\"w-image-h\"><div style=\"padding-bottom:128.8889%\"><\/div><img decoding=\"async\" width=\"1374\" height=\"2048\" src=\"https:\/\/sushibyas.eu\/wp-content\/uploads\/2025\/06\/Sushi-38-1.jpeg\" class=\"attachment-full size-full\" alt=\"\" loading=\"lazy\" srcset=\"https:\/\/sushibyas.eu\/wp-content\/uploads\/2025\/06\/Sushi-38-1.jpeg 1374w, https:\/\/sushibyas.eu\/wp-content\/uploads\/2025\/06\/Sushi-38-1-201x300.jpeg 201w, https:\/\/sushibyas.eu\/wp-content\/uploads\/2025\/06\/Sushi-38-1-687x1024.jpeg 687w\" sizes=\"auto, (max-width: 1374px) 100vw, 1374px\" \/><\/div><\/div><div class=\"w-separator hide_on_mobiles size_large\"><\/div><\/div><\/div><\/div><\/div><\/section>\n","protected":false},"excerpt":{"rendered":"","protected":false},"author":1,"featured_media":0,"parent":0,"menu_order":0,"comment_status":"closed","ping_status":"closed","template":"","meta":{"footnotes":""},"class_list":["post-1868","page","type-page","status-publish","hentry"],"yoast_head":"<!-- This site is optimized with the Yoast SEO plugin v26.4 - https:\/\/yoast.com\/wordpress\/plugins\/seo\/ -->\n<title>R\u00f3lunk - Sushi by A\u2019s<\/title>\n<meta name=\"robots\" content=\"index, follow, max-snippet:-1, max-image-preview:large, max-video-preview:-1\" \/>\n<link rel=\"canonical\" href=\"https:\/\/sushibyas.eu\/rolunk\/\" \/>\n<meta property=\"og:locale\" content=\"hu_HU\" \/>\n<meta property=\"og:type\" content=\"article\" \/>\n<meta property=\"og:title\" content=\"R\u00f3lunk - Sushi by A\u2019s\" \/>\n<meta property=\"og:url\" content=\"https:\/\/sushibyas.eu\/rolunk\/\" \/>\n<meta property=\"og:site_name\" content=\"Sushi by A\u2019s\" \/>\n<meta name=\"twitter:card\" content=\"summary_large_image\" \/>\n<meta name=\"twitter:label1\" content=\"Becs\u00fclt olvas\u00e1si id\u0151\" \/>\n\t<meta name=\"twitter:data1\" content=\"5 perc\" \/>\n<script type=\"application\/ld+json\" class=\"yoast-schema-graph\">{\"@context\":\"https:\/\/schema.org\",\"@graph\":[{\"@type\":\"WebPage\",\"@id\":\"https:\/\/sushibyas.eu\/rolunk\/\",\"url\":\"https:\/\/sushibyas.eu\/rolunk\/\",\"name\":\"R\u00f3lunk - Sushi by A\u2019s\",\"isPartOf\":{\"@id\":\"https:\/\/sushibyas.eu\/#website\"},\"datePublished\":\"2025-06-20T20:13:17+00:00\",\"breadcrumb\":{\"@id\":\"https:\/\/sushibyas.eu\/rolunk\/#breadcrumb\"},\"inLanguage\":\"hu\",\"potentialAction\":[{\"@type\":\"ReadAction\",\"target\":[\"https:\/\/sushibyas.eu\/rolunk\/\"]}]},{\"@type\":\"BreadcrumbList\",\"@id\":\"https:\/\/sushibyas.eu\/rolunk\/#breadcrumb\",\"itemListElement\":[{\"@type\":\"ListItem\",\"position\":1,\"name\":\"Po\u010detna stranica\",\"item\":\"https:\/\/sushibyas.eu\/hu\/kezdolap\/\"},{\"@type\":\"ListItem\",\"position\":2,\"name\":\"R\u00f3lunk\"}]},{\"@type\":\"WebSite\",\"@id\":\"https:\/\/sushibyas.eu\/#website\",\"url\":\"https:\/\/sushibyas.eu\/\",\"name\":\"Sushi\",\"description\":\"\",\"potentialAction\":[{\"@type\":\"SearchAction\",\"target\":{\"@type\":\"EntryPoint\",\"urlTemplate\":\"https:\/\/sushibyas.eu\/?s={search_term_string}\"},\"query-input\":{\"@type\":\"PropertyValueSpecification\",\"valueRequired\":true,\"valueName\":\"search_term_string\"}}],\"inLanguage\":\"hu\"}]}<\/script>\n<!-- \/ Yoast SEO plugin. -->","yoast_head_json":{"title":"R\u00f3lunk - Sushi by A\u2019s","robots":{"index":"index","follow":"follow","max-snippet":"max-snippet:-1","max-image-preview":"max-image-preview:large","max-video-preview":"max-video-preview:-1"},"canonical":"https:\/\/sushibyas.eu\/rolunk\/","og_locale":"hu_HU","og_type":"article","og_title":"R\u00f3lunk - Sushi by A\u2019s","og_url":"https:\/\/sushibyas.eu\/rolunk\/","og_site_name":"Sushi by A\u2019s","twitter_card":"summary_large_image","twitter_misc":{"Becs\u00fclt olvas\u00e1si id\u0151":"5 perc"},"schema":{"@context":"https:\/\/schema.org","@graph":[{"@type":"WebPage","@id":"https:\/\/sushibyas.eu\/rolunk\/","url":"https:\/\/sushibyas.eu\/rolunk\/","name":"R\u00f3lunk - Sushi by A\u2019s","isPartOf":{"@id":"https:\/\/sushibyas.eu\/#website"},"datePublished":"2025-06-20T20:13:17+00:00","breadcrumb":{"@id":"https:\/\/sushibyas.eu\/rolunk\/#breadcrumb"},"inLanguage":"hu","potentialAction":[{"@type":"ReadAction","target":["https:\/\/sushibyas.eu\/rolunk\/"]}]},{"@type":"BreadcrumbList","@id":"https:\/\/sushibyas.eu\/rolunk\/#breadcrumb","itemListElement":[{"@type":"ListItem","position":1,"name":"Po\u010detna stranica","item":"https:\/\/sushibyas.eu\/hu\/kezdolap\/"},{"@type":"ListItem","position":2,"name":"R\u00f3lunk"}]},{"@type":"WebSite","@id":"https:\/\/sushibyas.eu\/#website","url":"https:\/\/sushibyas.eu\/","name":"Sushi","description":"","potentialAction":[{"@type":"SearchAction","target":{"@type":"EntryPoint","urlTemplate":"https:\/\/sushibyas.eu\/?s={search_term_string}"},"query-input":{"@type":"PropertyValueSpecification","valueRequired":true,"valueName":"search_term_string"}}],"inLanguage":"hu"}]}},"_links":{"self":[{"href":"https:\/\/sushibyas.eu\/hu\/wp-json\/wp\/v2\/pages\/1868","targetHints":{"allow":["GET"]}}],"collection":[{"href":"https:\/\/sushibyas.eu\/hu\/wp-json\/wp\/v2\/pages"}],"about":[{"href":"https:\/\/sushibyas.eu\/hu\/wp-json\/wp\/v2\/types\/page"}],"author":[{"embeddable":true,"href":"https:\/\/sushibyas.eu\/hu\/wp-json\/wp\/v2\/users\/1"}],"replies":[{"embeddable":true,"href":"https:\/\/sushibyas.eu\/hu\/wp-json\/wp\/v2\/comments?post=1868"}],"version-history":[{"count":0,"href":"https:\/\/sushibyas.eu\/hu\/wp-json\/wp\/v2\/pages\/1868\/revisions"}],"wp:attachment":[{"href":"https:\/\/sushibyas.eu\/hu\/wp-json\/wp\/v2\/media?parent=1868"}],"curies":[{"name":"wp","href":"https:\/\/api.w.org\/{rel}","templated":true}]}}