{"id":1867,"date":"2025-06-17T17:06:38","date_gmt":"2025-06-17T15:06:38","guid":{"rendered":"https:\/\/sushibyas.eu\/pravilnik-o-zasebnosti\/"},"modified":"2025-06-17T17:06:38","modified_gmt":"2025-06-17T15:06:38","slug":"pravilnik-o-zasebnosti","status":"publish","type":"page","link":"https:\/\/sushibyas.eu\/sl\/pravilnik-o-zasebnosti\/","title":{"rendered":"Pravilnik o zasebnosti"},"content":{"rendered":"\n<h3 class=\"wp-block-heading\">Kdo smo<\/h3>\n<p>Predlagano besedilo: Na\u0161 spletni naslov je: https:\/\/sushi.progreen.hr.<\/p>\n<h3>Komentarji<\/h3>\n<p>Predlagano besedilo: Ko obiskovalci pustijo komentarje na spletnem mestu, zbiramo podatke, prikazane v obrazcu za komentarje, kot tudi IP naslov obiskovalca in niz uporabni\u0161kega agenta brskalnika, da pomagamo pri odkrivanju ne\u017eelene po\u0161te.<\/p>\n<p>Anonimiziran niz, ustvarjen iz tvojega e-po\u0161tnega naslova (imenovan tudi zgo\u0161\u010dena vrednost), se lahko posreduje storitvi Gravatar, da preverimo, ali jo uporablja\u0161. Pravilnik o zasebnosti storitve Gravatar je na voljo tukaj: https:\/\/uautomettic.com\/privacy\/. Po odobritvi tvojega komentarja bo tvoja profilna slika vidna javnosti v kontekstu tvojega komentarja.<\/p>\n<h3>Mediji<\/h3>\n<p>Predlagano besedilo: \u010ce nalagate slike na spletno mesto, se izogibajte nalaganju slik z vgrajenimi podatki o lokaciji (EXIF GPS). Obiskovalci spletnega mesta lahko prenesejo in izvle\u010dejo vse podatke o lokaciji s slik na spletnem mestu.<\/p>\n<h3>Pi\u0161kotki<\/h3>\n<p>Predlagano besedilo: \u010ce pusti\u0161 komentar na na\u0161em spletnem mestu, se lahko odlo\u010di\u0161 za shranjevanje svojega imena, e-po\u0161tnega naslova in spletne strani v pi\u0161kotkih. To je za tvoje udobje, da ti ni treba ponovno vna\u0161ati svojih podatkov, ko pusti\u0161 naslednji komentar. Ti pi\u0161kotki bodo trajali eno leto.<\/p>\n<p>\u010ce obi\u0161\u010de\u0161 na\u0161o stran za prijavo, bomo nastavili za\u010dasen pi\u0161kotek, da preverimo, ali tvoj brskalnik sprejema pi\u0161kotke. Ta pi\u0161kotek ne vsebuje osebnih podatkov in se zavr\u017ee, ko zapre\u0161 brskalnik.<\/p>\n<p>Ko se prijavi\u0161, bomo nastavili nekaj pi\u0161kotkov za shranjevanje tvojih podatkov za prijavo in izbiro prikaza. Prijavni pi\u0161kotki trajajo dva dni, pi\u0161kotki za mo\u017enosti zaslona pa eno leto. \u010ce izbere\u0161 &#8220;Zapomni si me&#8221;, bo tvoja prijava trajala dva tedna. \u010ce se odjavi\u0161 iz ra\u010duna, bodo prijavni pi\u0161kotki odstranjeni.<\/p>\n<p>\u010ce ureja\u0161 ali objavi\u0161 \u010dlanek, bo v tvojem brskalniku shranjen dodaten pi\u0161kotek. Ta pi\u0161kotek ne vklju\u010duje osebnih podatkov in preprosto ozna\u010duje ID objave \u010dlanka, ki si ga pravkar uredil. Pote\u010de po 1 dnevu.<\/p>\n<h3>Vdelana vsebina z drugih spletnih mest<\/h3>\n<p>Predlagano besedilo: \u010clanki na tem spletnem mestu lahko vklju\u010dujejo vdelano vsebino (npr. videoposnetke, slike, \u010dlanke itd.). Vdelana vsebina z drugih spletnih mest se obna\u0161a popolnoma enako, kot \u010de bi obiskovalec obiskal drugo spletno mesto.<\/p>\n<p>Ta spletna mesta lahko zbirajo podatke o tebi, uporabljajo pi\u0161kotke, vgradijo dodatno sledenje tretjih oseb in spremljajo tvojo interakcijo s to vdelano vsebino, vklju\u010dno s sledenjem interakcije z vdelano vsebino, \u010de ima\u0161 ra\u010dun in si prijavljen na to spletno mesto.<\/p>\n<h3>S kom delimo tvoje podatke<\/h3>\n<p>Predlagano besedilo: \u010ce zahtevate ponastavitev gesla, bo va\u0161 IP naslov vklju\u010den v e-po\u0161to za ponastavitev.<\/p>\n<h3>Kako dolgo hranimo tvoje podatke<\/h3>\n<p>Predlagano besedilo: \u010ce pusti\u0161 komentar, se komentar in njegovi metapodatki hranijo za nedolo\u010den \u010das. To je zato, da lahko samodejno prepoznamo in odobrimo vse naknadne komentarje, namesto da jih zadr\u017eujemo v \u010dakalni vrsti za moderiranje.<\/p>\n<p>Za uporabnike, ki se registrirajo na na\u0161em spletnem mestu (\u010de obstajajo), shranjujemo tudi osebne podatke, ki jih navedejo v svojem uporabni\u0161kem profilu. Vsi uporabniki lahko kadar koli vidijo, urejajo ali izbri\u0161ejo svoje osebne podatke (razen tega, da ne morejo spremeniti svojega uporabni\u0161kega imena). Administratorji spletnega mesta lahko prav tako vidijo in urejajo te podatke.<\/p>\n<h3>Katere pravice ima\u0161 nad svojimi podatki<\/h3>\n<p>Predlagano besedilo: \u010ce ima\u0161 ra\u010dun na tem spletnem mestu ali si pustil komentarje, lahko zahtevate izvoz datoteke osebnih podatkov, ki jih imamo o tebi, vklju\u010dno z vsemi podatki, ki si nam jih posredoval. Prav tako lahko zahtevate, da izbri\u0161emo vse osebne podatke, ki jih imamo o tebi. To ne vklju\u010duje podatkov, ki jih moramo hraniti za administrativne, pravne ali varnostne namene.<\/p>\n<h3>Kam se po\u0161iljajo tvoji podatki<\/h3>\n<p>Predlagano besedilo: Komentarji obiskovalcev se lahko preverijo preko avtomatizirane storitve za odkrivanje ne\u017eelene po\u0161te.<\/p>","protected":false},"excerpt":{"rendered":"<p>Kdo smo Predlagano besedilo: Na\u0161 spletni naslov je: https:\/\/sushi.progreen.hr. Komentarji Predlagano besedilo: Ko obiskovalci pustijo komentarje na spletnem mestu, zbiramo podatke, prikazane v obrazcu za komentarje, kot tudi IP naslov obiskovalca in niz uporabni\u0161kega agenta brskalnika, da pomagamo pri odkrivanju ne\u017eelene po\u0161te. Anonimiziran niz, ustvarjen iz tvojega e-po\u0161tnega naslova (imenovan tudi zgo\u0161\u010dena vrednost), se lahko&#8230;<\/p>\n","protected":false},"author":1,"featured_media":0,"parent":0,"menu_order":0,"comment_status":"closed","ping_status":"open","template":"","meta":{"footnotes":""},"class_list":["post-1867","page","type-page","status-publish","hentry"],"yoast_head":"<!-- This site is optimized with the Yoast SEO plugin v26.4 - https:\/\/yoast.com\/wordpress\/plugins\/seo\/ -->\n<title>Pravilnik o zasebnosti - Sushi by A\u2019s<\/title>\n<meta name=\"robots\" content=\"index, follow, max-snippet:-1, max-image-preview:large, max-video-preview:-1\" \/>\n<link rel=\"canonical\" href=\"https:\/\/sushibyas.eu\/pravilnik-o-zasebnosti\/\" \/>\n<meta property=\"og:locale\" content=\"sl_SI\" \/>\n<meta property=\"og:type\" content=\"article\" \/>\n<meta property=\"og:title\" content=\"Pravilnik o zasebnosti - Sushi by A\u2019s\" \/>\n<meta property=\"og:description\" content=\"Kdo smo Predlagano besedilo: Na\u0161 spletni naslov je: https:\/\/sushi.progreen.hr. Komentarji Predlagano besedilo: Ko obiskovalci pustijo komentarje na spletnem mestu, zbiramo podatke, prikazane v obrazcu za komentarje, kot tudi IP naslov obiskovalca in niz uporabni\u0161kega agenta brskalnika, da pomagamo pri odkrivanju ne\u017eelene po\u0161te. Anonimiziran niz, ustvarjen iz tvojega e-po\u0161tnega naslova (imenovan tudi zgo\u0161\u010dena vrednost), se lahko...\" \/>\n<meta property=\"og:url\" content=\"https:\/\/sushibyas.eu\/pravilnik-o-zasebnosti\/\" \/>\n<meta property=\"og:site_name\" content=\"Sushi by A\u2019s\" \/>\n<meta name=\"twitter:card\" content=\"summary_large_image\" \/>\n<meta name=\"twitter:label1\" content=\"Est. reading time\" \/>\n\t<meta name=\"twitter:data1\" content=\"3 minute\" \/>\n<script type=\"application\/ld+json\" class=\"yoast-schema-graph\">{\"@context\":\"https:\/\/schema.org\",\"@graph\":[{\"@type\":\"WebPage\",\"@id\":\"https:\/\/sushibyas.eu\/pravilnik-o-zasebnosti\/\",\"url\":\"https:\/\/sushibyas.eu\/pravilnik-o-zasebnosti\/\",\"name\":\"Pravilnik o zasebnosti - Sushi by A\u2019s\",\"isPartOf\":{\"@id\":\"https:\/\/sushibyas.eu\/#website\"},\"datePublished\":\"2025-06-17T15:06:38+00:00\",\"breadcrumb\":{\"@id\":\"https:\/\/sushibyas.eu\/pravilnik-o-zasebnosti\/#breadcrumb\"},\"inLanguage\":\"sl-SI\",\"potentialAction\":[{\"@type\":\"ReadAction\",\"target\":[\"https:\/\/sushibyas.eu\/pravilnik-o-zasebnosti\/\"]}]},{\"@type\":\"BreadcrumbList\",\"@id\":\"https:\/\/sushibyas.eu\/pravilnik-o-zasebnosti\/#breadcrumb\",\"itemListElement\":[{\"@type\":\"ListItem\",\"position\":1,\"name\":\"Po\u010detna stranica\",\"item\":\"https:\/\/sushibyas.eu\/sl\/domov\/\"},{\"@type\":\"ListItem\",\"position\":2,\"name\":\"Pravilnik o zasebnosti\"}]},{\"@type\":\"WebSite\",\"@id\":\"https:\/\/sushibyas.eu\/#website\",\"url\":\"https:\/\/sushibyas.eu\/\",\"name\":\"Sushi\",\"description\":\"\",\"potentialAction\":[{\"@type\":\"SearchAction\",\"target\":{\"@type\":\"EntryPoint\",\"urlTemplate\":\"https:\/\/sushibyas.eu\/?s={search_term_string}\"},\"query-input\":{\"@type\":\"PropertyValueSpecification\",\"valueRequired\":true,\"valueName\":\"search_term_string\"}}],\"inLanguage\":\"sl-SI\"}]}<\/script>\n<!-- \/ Yoast SEO plugin. -->","yoast_head_json":{"title":"Pravilnik o zasebnosti - Sushi by A\u2019s","robots":{"index":"index","follow":"follow","max-snippet":"max-snippet:-1","max-image-preview":"max-image-preview:large","max-video-preview":"max-video-preview:-1"},"canonical":"https:\/\/sushibyas.eu\/pravilnik-o-zasebnosti\/","og_locale":"sl_SI","og_type":"article","og_title":"Pravilnik o zasebnosti - Sushi by A\u2019s","og_description":"Kdo smo Predlagano besedilo: Na\u0161 spletni naslov je: https:\/\/sushi.progreen.hr. Komentarji Predlagano besedilo: Ko obiskovalci pustijo komentarje na spletnem mestu, zbiramo podatke, prikazane v obrazcu za komentarje, kot tudi IP naslov obiskovalca in niz uporabni\u0161kega agenta brskalnika, da pomagamo pri odkrivanju ne\u017eelene po\u0161te. Anonimiziran niz, ustvarjen iz tvojega e-po\u0161tnega naslova (imenovan tudi zgo\u0161\u010dena vrednost), se lahko...","og_url":"https:\/\/sushibyas.eu\/pravilnik-o-zasebnosti\/","og_site_name":"Sushi by A\u2019s","twitter_card":"summary_large_image","twitter_misc":{"Est. reading time":"3 minute"},"schema":{"@context":"https:\/\/schema.org","@graph":[{"@type":"WebPage","@id":"https:\/\/sushibyas.eu\/pravilnik-o-zasebnosti\/","url":"https:\/\/sushibyas.eu\/pravilnik-o-zasebnosti\/","name":"Pravilnik o zasebnosti - Sushi by A\u2019s","isPartOf":{"@id":"https:\/\/sushibyas.eu\/#website"},"datePublished":"2025-06-17T15:06:38+00:00","breadcrumb":{"@id":"https:\/\/sushibyas.eu\/pravilnik-o-zasebnosti\/#breadcrumb"},"inLanguage":"sl-SI","potentialAction":[{"@type":"ReadAction","target":["https:\/\/sushibyas.eu\/pravilnik-o-zasebnosti\/"]}]},{"@type":"BreadcrumbList","@id":"https:\/\/sushibyas.eu\/pravilnik-o-zasebnosti\/#breadcrumb","itemListElement":[{"@type":"ListItem","position":1,"name":"Po\u010detna stranica","item":"https:\/\/sushibyas.eu\/sl\/domov\/"},{"@type":"ListItem","position":2,"name":"Pravilnik o zasebnosti"}]},{"@type":"WebSite","@id":"https:\/\/sushibyas.eu\/#website","url":"https:\/\/sushibyas.eu\/","name":"Sushi","description":"","potentialAction":[{"@type":"SearchAction","target":{"@type":"EntryPoint","urlTemplate":"https:\/\/sushibyas.eu\/?s={search_term_string}"},"query-input":{"@type":"PropertyValueSpecification","valueRequired":true,"valueName":"search_term_string"}}],"inLanguage":"sl-SI"}]}},"_links":{"self":[{"href":"https:\/\/sushibyas.eu\/sl\/wp-json\/wp\/v2\/pages\/1867","targetHints":{"allow":["GET"]}}],"collection":[{"href":"https:\/\/sushibyas.eu\/sl\/wp-json\/wp\/v2\/pages"}],"about":[{"href":"https:\/\/sushibyas.eu\/sl\/wp-json\/wp\/v2\/types\/page"}],"author":[{"embeddable":true,"href":"https:\/\/sushibyas.eu\/sl\/wp-json\/wp\/v2\/users\/1"}],"replies":[{"embeddable":true,"href":"https:\/\/sushibyas.eu\/sl\/wp-json\/wp\/v2\/comments?post=1867"}],"version-history":[{"count":0,"href":"https:\/\/sushibyas.eu\/sl\/wp-json\/wp\/v2\/pages\/1867\/revisions"}],"wp:attachment":[{"href":"https:\/\/sushibyas.eu\/sl\/wp-json\/wp\/v2\/media?parent=1867"}],"curies":[{"name":"wp","href":"https:\/\/api.w.org\/{rel}","templated":true}]}}