{"id":1869,"date":"2025-06-20T22:13:17","date_gmt":"2025-06-20T20:13:17","guid":{"rendered":"https:\/\/sushibyas.eu\/o-nas\/"},"modified":"2025-06-20T22:13:17","modified_gmt":"2025-06-20T20:13:17","slug":"o-nas","status":"publish","type":"page","link":"https:\/\/sushibyas.eu\/sl\/o-nas\/","title":{"rendered":"O nas"},"content":{"rendered":"<section class=\"l-section wpb_row us_custom_ed4f2c62 background-opacity height_medium with_img\"><div class=\"l-section-img\" role=\"img\" data-img-width=\"2560\" data-img-height=\"1707\" style=\"background-image: url(https:\/\/sushibyas.eu\/wp-content\/uploads\/2025\/06\/5226644-2-scaled.jpg);\"><\/div><div class=\"l-section-h i-cf\"><div class=\"g-cols vc_row via_grid cols_1 laptops-cols_inherit tablets-cols_inherit mobiles-cols_1 valign_top type_default stacking_default\"><div class=\"wpb_column vc_column_container\"><div class=\"vc_column-inner\"><div class=\"wpb_text_column us_custom_410e7144 us_animate_this\"><div class=\"wpb_wrapper\"><h1 style=\"text-align: center;\"><em><strong>O nas<\/strong><\/em><\/h1>\n<p style=\"text-align: center;\">Ustanovljen leta 2015 v slikovitem mestu Zagrebu na Hrva\u0161kem, je Sushi by A&#8217;s hitro postal priljubljeno ime v svetu su\u0161ija. S strastjo do kakovosti in avtenti\u010dnosti smo se podali na misijo deljenja umetnosti priprave su\u0161ija z na\u0161imi gosti. Na\u0161e potovanje se je za\u010delo z eno lokacijo, od takrat pa smo se raz\u0161irili v Slovenijo leta 2016 in na Mad\u017earsko leta 2021, kjer smo na\u0161e okusne specialitete pribli\u017eali \u0161e ve\u010djemu \u0161tevilu ljubiteljev su\u0161ija.    <\/p>\n<\/div><\/div><div class=\"w-separator size_large\"><\/div><div class=\"w-image us_custom_38e050a1 us_animate_this has_ratio align_center\"><div class=\"w-image-h\"><div style=\"padding-bottom:42.4242%\"><\/div><img decoding=\"async\" width=\"2000\" height=\"1500\" src=\"https:\/\/sushibyas.eu\/wp-content\/uploads\/2025\/06\/Sushi-19-1.jpeg\" class=\"attachment-full size-full\" alt=\"\" loading=\"lazy\" srcset=\"https:\/\/sushibyas.eu\/wp-content\/uploads\/2025\/06\/Sushi-19-1.jpeg 2000w, https:\/\/sushibyas.eu\/wp-content\/uploads\/2025\/06\/Sushi-19-1-300x225.jpeg 300w, https:\/\/sushibyas.eu\/wp-content\/uploads\/2025\/06\/Sushi-19-1-1024x768.jpeg 1024w\" sizes=\"auto, (max-width: 2000px) 100vw, 2000px\" \/><\/div><\/div><div class=\"w-separator size_huge\"><\/div><\/div><\/div><\/div><\/div><\/section><section class=\"l-section wpb_row height_medium\"><div class=\"l-section-h i-cf\"><div class=\"g-cols vc_row via_grid cols_2 laptops-cols_inherit tablets-cols_inherit mobiles-cols_1 valign_middle type_default reversed stacking_default\" style=\"--gap:0rem;\"><div class=\"wpb_column vc_column_container us_custom_ebda694a\"><div class=\"vc_column-inner\"><div class=\"w-image us_custom_8c3db9f0 us_animate_this has_ratio align_none\"><div class=\"w-image-h\"><div style=\"padding-bottom:69.8795%\"><\/div><img decoding=\"async\" width=\"1200\" height=\"1600\" src=\"https:\/\/sushibyas.eu\/wp-content\/uploads\/2025\/06\/Sushi-7-1.jpeg\" class=\"attachment-full size-full\" alt=\"\" loading=\"lazy\" srcset=\"https:\/\/sushibyas.eu\/wp-content\/uploads\/2025\/06\/Sushi-7-1.jpeg 1200w, https:\/\/sushibyas.eu\/wp-content\/uploads\/2025\/06\/Sushi-7-1-225x300.jpeg 225w, https:\/\/sushibyas.eu\/wp-content\/uploads\/2025\/06\/Sushi-7-1-768x1024.jpeg 768w\" sizes=\"auto, (max-width: 1200px) 100vw, 1200px\" \/><\/div><\/div><\/div><\/div><div class=\"wpb_column vc_column_container\"><div class=\"vc_column-inner\"><div class=\"wpb_text_column us_custom_69a4c150 us_animate_this\"><div class=\"wpb_wrapper\"><h2><em><strong>Na\u0161a predanost kakovosti<\/strong><\/em><\/h2>\n<\/div><\/div><div class=\"w-separator size_medium\"><\/div><div class=\"wpb_text_column us_custom_3f3bd093 us_animate_this\"><div class=\"wpb_wrapper\"><p>Pri Sushi by A&#8217;s verjamemo, da se odli\u010den su\u0161i za\u010dne z vrhunskimi sestavinami. Nabavljamo samo najsve\u017eej\u0161e ribe in visokokakovostne sestavine, da zagotovimo, da vsak maki, sa\u0161imi in nigiri, ki ga postre\u017eemo, izpolnjuje na\u0161e visoke standarde.  Na\u0161i izku\u0161eni kuharji so usposobljeni v tradicionalnih tehnikah priprave su\u0161ija, s \u010dimer zagotavljamo, da je vsaka jed ne le okusna, ampak tudi estetsko privla\u010dna.<\/p>\n<\/div><\/div><div class=\"w-separator size_medium\"><\/div><\/div><\/div><\/div><\/div><\/section><section class=\"l-section wpb_row background-opacity height_medium with_img\"><div class=\"l-section-img\" role=\"img\" data-img-width=\"2560\" data-img-height=\"1707\" style=\"background-image: url(https:\/\/sushibyas.eu\/wp-content\/uploads\/2025\/06\/5226644-2-scaled.jpg);\"><\/div><div class=\"l-section-h i-cf\"><div class=\"g-cols vc_row via_grid cols_2 laptops-cols_inherit tablets-cols_inherit mobiles-cols_1 valign_top type_default stacking_default\" style=\"--gap:0rem;\"><div class=\"wpb_column vc_column_container\"><div class=\"vc_column-inner\"><div class=\"w-separator size_custom\" style=\"height:6vh\" id=\"ka42\"><style>@media(max-width:1024px){ #ka42{height:14hv!important}}@media(max-width:479px){ #ka42{height:10hv!important}}<\/style><\/div><div class=\"wpb_text_column us_custom_734177fd us_animate_this\"><div class=\"wpb_wrapper\"><h2><em><strong>Usposabljanje  podpora<\/strong><\/em><\/h2>\n<\/div><\/div><div class=\"w-separator size_medium\"><\/div><div class=\"wpb_text_column us_custom_ef675d0d us_animate_this\"><div class=\"wpb_wrapper\"><p>Ponosni smo na na\u0161 celovit program usposabljanja, ki zagotavlja, da so na\u0161i fran\u0161izojemalci dobro pripravljeni na vodenje lastnega posla. Na\u0161e usposabljanje vklju\u010duje: <\/p>\n<ul>\n<li>Priprava su\u0161ija: Nau\u010di se umetnosti izdelave su\u0161ija od na\u0161ih izku\u0161enih kuharjev.<\/li>\n<li>Storitve za stranke: Spoznaj, kako ustvariti izjemno izku\u0161njo za svoje goste.<\/li>\n<li>Operativna odli\u010dnost: Pridobi znanje o u\u010dinkovitem vodenju fran\u0161ize.<\/li>\n<\/ul>\n<\/div><\/div><div class=\"w-separator size_custom\" style=\"height:40px\"><\/div><div class=\"w-btn-wrapper align_none\"><a class=\"w-btn us-btn-style_1 us_custom_6c21c073 us_animate_this\" href=\"\/kontakt\/\"><span class=\"w-btn-label\">KONTAKT<\/span><\/a><\/div><\/div><\/div><div class=\"wpb_column vc_column_container us_custom_6c191d95\"><div class=\"vc_column-inner\"><div class=\"w-separator size_custom\" style=\"height:10vh\" id=\"z157\"><style>@media(max-width:600px){ #z157{height:5vh!important}}<\/style><\/div><div class=\"w-image us_custom_6fc20dc2 us_animate_this has_ratio align_none\"><div class=\"w-image-h\"><div style=\"padding-bottom:128.8889%\"><\/div><img decoding=\"async\" width=\"1374\" height=\"2048\" src=\"https:\/\/sushibyas.eu\/wp-content\/uploads\/2025\/06\/Sushi-38-1.jpeg\" class=\"attachment-full size-full\" alt=\"\" loading=\"lazy\" srcset=\"https:\/\/sushibyas.eu\/wp-content\/uploads\/2025\/06\/Sushi-38-1.jpeg 1374w, https:\/\/sushibyas.eu\/wp-content\/uploads\/2025\/06\/Sushi-38-1-201x300.jpeg 201w, https:\/\/sushibyas.eu\/wp-content\/uploads\/2025\/06\/Sushi-38-1-687x1024.jpeg 687w\" sizes=\"auto, (max-width: 1374px) 100vw, 1374px\" \/><\/div><\/div><div class=\"w-separator hide_on_mobiles size_large\"><\/div><\/div><\/div><\/div><\/div><\/section>\n","protected":false},"excerpt":{"rendered":"","protected":false},"author":1,"featured_media":0,"parent":0,"menu_order":0,"comment_status":"closed","ping_status":"closed","template":"","meta":{"footnotes":""},"class_list":["post-1869","page","type-page","status-publish","hentry"],"yoast_head":"<!-- This site is optimized with the Yoast SEO plugin v26.4 - https:\/\/yoast.com\/wordpress\/plugins\/seo\/ -->\n<title>O nas - Sushi by A\u2019s<\/title>\n<meta name=\"robots\" content=\"index, follow, max-snippet:-1, max-image-preview:large, max-video-preview:-1\" \/>\n<link rel=\"canonical\" href=\"https:\/\/sushibyas.eu\/o-nas\/\" \/>\n<meta property=\"og:locale\" content=\"sl_SI\" \/>\n<meta property=\"og:type\" content=\"article\" \/>\n<meta property=\"og:title\" content=\"O nas - Sushi by A\u2019s\" \/>\n<meta property=\"og:url\" content=\"https:\/\/sushibyas.eu\/o-nas\/\" \/>\n<meta property=\"og:site_name\" content=\"Sushi by A\u2019s\" \/>\n<meta name=\"twitter:card\" content=\"summary_large_image\" \/>\n<meta name=\"twitter:label1\" content=\"Est. reading time\" \/>\n\t<meta name=\"twitter:data1\" content=\"5 minut\" \/>\n<script type=\"application\/ld+json\" class=\"yoast-schema-graph\">{\"@context\":\"https:\/\/schema.org\",\"@graph\":[{\"@type\":\"WebPage\",\"@id\":\"https:\/\/sushibyas.eu\/o-nas\/\",\"url\":\"https:\/\/sushibyas.eu\/o-nas\/\",\"name\":\"O nas - Sushi by A\u2019s\",\"isPartOf\":{\"@id\":\"https:\/\/sushibyas.eu\/#website\"},\"datePublished\":\"2025-06-20T20:13:17+00:00\",\"breadcrumb\":{\"@id\":\"https:\/\/sushibyas.eu\/o-nas\/#breadcrumb\"},\"inLanguage\":\"sl-SI\",\"potentialAction\":[{\"@type\":\"ReadAction\",\"target\":[\"https:\/\/sushibyas.eu\/o-nas\/\"]}]},{\"@type\":\"BreadcrumbList\",\"@id\":\"https:\/\/sushibyas.eu\/o-nas\/#breadcrumb\",\"itemListElement\":[{\"@type\":\"ListItem\",\"position\":1,\"name\":\"Po\u010detna stranica\",\"item\":\"https:\/\/sushibyas.eu\/sl\/domov\/\"},{\"@type\":\"ListItem\",\"position\":2,\"name\":\"O nas\"}]},{\"@type\":\"WebSite\",\"@id\":\"https:\/\/sushibyas.eu\/#website\",\"url\":\"https:\/\/sushibyas.eu\/\",\"name\":\"Sushi\",\"description\":\"\",\"potentialAction\":[{\"@type\":\"SearchAction\",\"target\":{\"@type\":\"EntryPoint\",\"urlTemplate\":\"https:\/\/sushibyas.eu\/?s={search_term_string}\"},\"query-input\":{\"@type\":\"PropertyValueSpecification\",\"valueRequired\":true,\"valueName\":\"search_term_string\"}}],\"inLanguage\":\"sl-SI\"}]}<\/script>\n<!-- \/ Yoast SEO plugin. -->","yoast_head_json":{"title":"O nas - Sushi by A\u2019s","robots":{"index":"index","follow":"follow","max-snippet":"max-snippet:-1","max-image-preview":"max-image-preview:large","max-video-preview":"max-video-preview:-1"},"canonical":"https:\/\/sushibyas.eu\/o-nas\/","og_locale":"sl_SI","og_type":"article","og_title":"O nas - Sushi by A\u2019s","og_url":"https:\/\/sushibyas.eu\/o-nas\/","og_site_name":"Sushi by A\u2019s","twitter_card":"summary_large_image","twitter_misc":{"Est. reading time":"5 minut"},"schema":{"@context":"https:\/\/schema.org","@graph":[{"@type":"WebPage","@id":"https:\/\/sushibyas.eu\/o-nas\/","url":"https:\/\/sushibyas.eu\/o-nas\/","name":"O nas - Sushi by A\u2019s","isPartOf":{"@id":"https:\/\/sushibyas.eu\/#website"},"datePublished":"2025-06-20T20:13:17+00:00","breadcrumb":{"@id":"https:\/\/sushibyas.eu\/o-nas\/#breadcrumb"},"inLanguage":"sl-SI","potentialAction":[{"@type":"ReadAction","target":["https:\/\/sushibyas.eu\/o-nas\/"]}]},{"@type":"BreadcrumbList","@id":"https:\/\/sushibyas.eu\/o-nas\/#breadcrumb","itemListElement":[{"@type":"ListItem","position":1,"name":"Po\u010detna stranica","item":"https:\/\/sushibyas.eu\/sl\/domov\/"},{"@type":"ListItem","position":2,"name":"O nas"}]},{"@type":"WebSite","@id":"https:\/\/sushibyas.eu\/#website","url":"https:\/\/sushibyas.eu\/","name":"Sushi","description":"","potentialAction":[{"@type":"SearchAction","target":{"@type":"EntryPoint","urlTemplate":"https:\/\/sushibyas.eu\/?s={search_term_string}"},"query-input":{"@type":"PropertyValueSpecification","valueRequired":true,"valueName":"search_term_string"}}],"inLanguage":"sl-SI"}]}},"_links":{"self":[{"href":"https:\/\/sushibyas.eu\/sl\/wp-json\/wp\/v2\/pages\/1869","targetHints":{"allow":["GET"]}}],"collection":[{"href":"https:\/\/sushibyas.eu\/sl\/wp-json\/wp\/v2\/pages"}],"about":[{"href":"https:\/\/sushibyas.eu\/sl\/wp-json\/wp\/v2\/types\/page"}],"author":[{"embeddable":true,"href":"https:\/\/sushibyas.eu\/sl\/wp-json\/wp\/v2\/users\/1"}],"replies":[{"embeddable":true,"href":"https:\/\/sushibyas.eu\/sl\/wp-json\/wp\/v2\/comments?post=1869"}],"version-history":[{"count":0,"href":"https:\/\/sushibyas.eu\/sl\/wp-json\/wp\/v2\/pages\/1869\/revisions"}],"wp:attachment":[{"href":"https:\/\/sushibyas.eu\/sl\/wp-json\/wp\/v2\/media?parent=1869"}],"curies":[{"name":"wp","href":"https:\/\/api.w.org\/{rel}","templated":true}]}}